{"id":13,"date":"2007-07-22T20:50:50","date_gmt":"2007-07-22T19:50:50","guid":{"rendered":"http:\/\/www.haus-donauschwaben.de\/wordpress\/?page_id=13"},"modified":"2023-06-17T15:33:21","modified_gmt":"2023-06-17T13:33:21","slug":"akdff","status":"publish","type":"page","link":"https:\/\/www.haus-donauschwaben.de\/wordpress\/organisationen\/akdff\/","title":{"rendered":"Arbeitskreis donauschw\u00e4bischer Familienforscher e. V."},"content":{"rendered":"<p>Vorsitzende:\u00a0\u00a0\u00a0\u00a0\u00a0\u00a0\u00a0\u00a0\u00a0\u00a0\u00a0\u00a0\u00a0\u00a0\u00a0\u00a0\u00a0\u00a0\u00a0\u00a0\u00a0\u00a0\u00a0\u00a0\u00a0\u00a0\u00a0\u00a0\u00a0\u00a0 Dr. Hertha Schwarz<br \/>\nStellvertreter:\u00a0\u00a0\u00a0\u00a0\u00a0\u00a0\u00a0\u00a0\u00a0\u00a0\u00a0\u00a0\u00a0\u00a0\u00a0\u00a0\u00a0\u00a0\u00a0\u00a0\u00a0\u00a0\u00a0\u00a0\u00a0\u00a0\u00a0 Johann Bayer<\/p>\n<p>Leitung der Gesch\u00e4ftsstelle:\u00a0\u00a0\u00a0\u00a0 Anita Villnow<\/p>\n<p><strong>Anschrift:<\/strong><br \/>\nGoldm\u00fchlestra\u00dfe 30<br \/>\n71065 Sindelfingen<br \/>\nTelefon: \u00a0 \u00a0 \u00a0 07031-79376-37<br \/>\nTelefax: \u00a0 \u00a0 \u00a0 07031-79376-40<\/p>\n<p>E-Mail: \u00a0 \u00a0\u00a0 \u00a0 <span style=\"color: #0000ff;\"><a style=\"color: #0000ff;\" href=\"&#x6d;&#97;i&#x6c;&#x74;&#111;:&#x69;&#x6e;&#102;o&#x40;&#x61;&#107;d&#x66;&#x66;&#46;d&#x65;\">i&#110;&#x66;&#x6f;&#64;&#97;&#107;&#x64;&#x66;f&#46;&#100;&#x65;<\/a><\/span><br \/>\nWebseite: \u00a0\u00a0 <a href=\"https:\/\/www.akdff.de\" target=\"_blank\" rel=\"noopener noreferrer\"><span style=\"color: #0000ff;\">https:\/\/www.akdff.de<\/span><\/a><\/p>\n<p><strong>\u00d6ffnungszeiten:<br \/>\n<\/strong>Donnerstag und Freitag \u00a0\u00a0 10 &#8211; 16 Uhr<\/p>\n<p><span style=\"color: #ff0000;\">Um rechtzeitige Anmeldung wird gebeten! <\/span><strong><span style=\"color: #333333;\"><br \/>\n<\/span><\/strong><span style=\"color: #333333;\">Die Gesch\u00e4ftsstelle ist au\u00dferhalb der \u00d6ffnungszeiten nicht besetzt.<\/span><\/p>\n","protected":false},"excerpt":{"rendered":"<p>Vorsitzende:\u00a0\u00a0\u00a0\u00a0\u00a0\u00a0\u00a0\u00a0\u00a0\u00a0\u00a0\u00a0\u00a0\u00a0\u00a0\u00a0\u00a0\u00a0\u00a0\u00a0\u00a0\u00a0\u00a0\u00a0\u00a0\u00a0\u00a0\u00a0\u00a0\u00a0 Dr. Hertha Schwarz Stellvertreter:\u00a0\u00a0\u00a0\u00a0\u00a0\u00a0\u00a0\u00a0\u00a0\u00a0\u00a0\u00a0\u00a0\u00a0\u00a0\u00a0\u00a0\u00a0\u00a0\u00a0\u00a0\u00a0\u00a0\u00a0\u00a0\u00a0\u00a0 Johann Bayer Leitung der Gesch\u00e4ftsstelle:\u00a0\u00a0\u00a0\u00a0 Anita Villnow Anschrift: Goldm\u00fchlestra\u00dfe 30 71065 Sindelfingen Telefon: \u00a0 \u00a0 \u00a0 07031-79376-37 Telefax: \u00a0 \u00a0 \u00a0 07031-79376-40 E-Mail: \u00a0 \u00a0\u00a0 \u00a0 &#x69;&#x6e;&#102;o&#x40;&#x61;&#x6b;&#100;f&#x66;&#x2e;&#x64;&#101; Webseite: \u00a0\u00a0 https:\/\/www.akdff.de \u00d6ffnungszeiten: Donnerstag und Freitag \u00a0\u00a0<\/p>\n","protected":false},"author":3,"featured_media":0,"parent":448,"menu_order":61,"comment_status":"closed","ping_status":"closed","template":"","meta":{"footnotes":""},"_links":{"self":[{"href":"https:\/\/www.haus-donauschwaben.de\/wordpress\/wp-json\/wp\/v2\/pages\/13"}],"collection":[{"href":"https:\/\/www.haus-donauschwaben.de\/wordpress\/wp-json\/wp\/v2\/pages"}],"about":[{"href":"https:\/\/www.haus-donauschwaben.de\/wordpress\/wp-json\/wp\/v2\/types\/page"}],"author":[{"embeddable":true,"href":"https:\/\/www.haus-donauschwaben.de\/wordpress\/wp-json\/wp\/v2\/users\/3"}],"replies":[{"embeddable":true,"href":"https:\/\/www.haus-donauschwaben.de\/wordpress\/wp-json\/wp\/v2\/comments?post=13"}],"version-history":[{"count":0,"href":"https:\/\/www.haus-donauschwaben.de\/wordpress\/wp-json\/wp\/v2\/pages\/13\/revisions"}],"up":[{"embeddable":true,"href":"https:\/\/www.haus-donauschwaben.de\/wordpress\/wp-json\/wp\/v2\/pages\/448"}],"wp:attachment":[{"href":"https:\/\/www.haus-donauschwaben.de\/wordpress\/wp-json\/wp\/v2\/media?parent=13"}],"curies":[{"name":"wp","href":"https:\/\/api.w.org\/{rel}","templated":true}]}}