{"id":123,"date":"2010-02-08T14:43:06","date_gmt":"2010-02-08T13:43:06","guid":{"rendered":"http:\/\/www.haus-donauschwaben.de\/wordpress\/?page_id=123"},"modified":"2019-02-27T15:26:04","modified_gmt":"2019-02-27T14:26:04","slug":"onlinekatalog","status":"publish","type":"page","link":"https:\/\/www.haus-donauschwaben.de\/wordpress\/bibliothek\/onlinekatalog\/","title":{"rendered":"Online-Katalog"},"content":{"rendered":"<p>Den Gesamtbestand der beiden Bibliotheken in unserem Haus, die Donauschw\u00e4bische Spezialbibliothek und die Fachbibliothek des Arbeitskreises donauschw\u00e4bischer Familienforscher, ist \u00fcber ein gemeinsames Bibliothekssystem recherchierbar.<\/p>\n<table style=\"width: 502px; border-style: none;\">\n<tbody>\n<tr>\n<td style=\"width: 346.7px; border-style: none; vertical-align: middle; text-align: left;\">Hier gelangen Sie zu unserem <strong>Online-Katalog<\/strong><\/td>\n<td style=\"width: 145.3px; border-style: none; text-align: left;\"><strong><a href=\"https:\/\/hds.bibliotheca-open.de\" target=\"_blank\" rel=\"noopener\"><img loading=\"lazy\" decoding=\"async\" class=\"wp-image-1820 alignleft\" src=\"https:\/\/www.haus-donauschwaben.de\/wordpress\/wp-content\/uploads\/2019\/02\/B\u00fccher-1-300x188.jpg\" alt=\"\" width=\"99\" height=\"62\" srcset=\"https:\/\/www.haus-donauschwaben.de\/wordpress\/wp-content\/uploads\/2019\/02\/B\u00fccher-1-300x188.jpg 300w, https:\/\/www.haus-donauschwaben.de\/wordpress\/wp-content\/uploads\/2019\/02\/B\u00fccher-1.jpg 684w\" sizes=\"(max-width: 99px) 100vw, 99px\" \/><\/a><\/strong><\/td>\n<\/tr>\n<\/tbody>\n<\/table>\n<p>Mit der modernen Suchmaschinen-Technologie von OPEN erm\u00f6glicht BIBLIOTHECA<em>plus<\/em> den Benutzern eine schnelle und komfortable Mediensuche. Unser Bestand wird laufend mit Neuerwerbungen in gedruckter Form oder mit digitalen Medien erg\u00e4nzt.<\/p>\n","protected":false},"excerpt":{"rendered":"<p>Den Gesamtbestand der beiden Bibliotheken in unserem Haus, die Donauschw\u00e4bische Spezialbibliothek und die Fachbibliothek des Arbeitskreises donauschw\u00e4bischer Familienforscher, ist \u00fcber ein gemeinsames Bibliothekssystem recherchierbar. Hier gelangen Sie zu unserem Online-Katalog Mit der modernen Suchmaschinen-Technologie von OPEN erm\u00f6glicht BIBLIOTHECAplus den Benutzern<\/p>\n","protected":false},"author":3,"featured_media":0,"parent":14,"menu_order":0,"comment_status":"closed","ping_status":"closed","template":"","meta":{"footnotes":""},"_links":{"self":[{"href":"https:\/\/www.haus-donauschwaben.de\/wordpress\/wp-json\/wp\/v2\/pages\/123"}],"collection":[{"href":"https:\/\/www.haus-donauschwaben.de\/wordpress\/wp-json\/wp\/v2\/pages"}],"about":[{"href":"https:\/\/www.haus-donauschwaben.de\/wordpress\/wp-json\/wp\/v2\/types\/page"}],"author":[{"embeddable":true,"href":"https:\/\/www.haus-donauschwaben.de\/wordpress\/wp-json\/wp\/v2\/users\/3"}],"replies":[{"embeddable":true,"href":"https:\/\/www.haus-donauschwaben.de\/wordpress\/wp-json\/wp\/v2\/comments?post=123"}],"version-history":[{"count":0,"href":"https:\/\/www.haus-donauschwaben.de\/wordpress\/wp-json\/wp\/v2\/pages\/123\/revisions"}],"up":[{"embeddable":true,"href":"https:\/\/www.haus-donauschwaben.de\/wordpress\/wp-json\/wp\/v2\/pages\/14"}],"wp:attachment":[{"href":"https:\/\/www.haus-donauschwaben.de\/wordpress\/wp-json\/wp\/v2\/media?parent=123"}],"curies":[{"name":"wp","href":"https:\/\/api.w.org\/{rel}","templated":true}]}}