{"id":14,"date":"2007-07-22T20:54:13","date_gmt":"2007-07-22T19:54:13","guid":{"rendered":"http:\/\/www.haus-donauschwaben.de\/wordpress\/?page_id=14"},"modified":"2025-05-15T11:32:04","modified_gmt":"2025-05-15T09:32:04","slug":"bibliothek","status":"publish","type":"page","link":"https:\/\/www.haus-donauschwaben.de\/wordpress\/bibliothek\/","title":{"rendered":"Bibliothek"},"content":{"rendered":"<p><strong>Spezialbibliothek<a href=\"https:\/\/www.haus-donauschwaben.de\/wordpress\/wp-content\/uploads\/bibliothek\/Bibliothek-1.jpg\" target=\"_blank\" rel=\"noopener\"><img loading=\"lazy\" decoding=\"async\" class=\"alignright wp-image-2378 size-medium\" title=\"bib03\" src=\"https:\/\/www.haus-donauschwaben.de\/wordpress\/wp-content\/uploads\/bibliothek\/Bibliothek-1-300x200.jpg\" alt=\"\" width=\"300\" height=\"200\" srcset=\"https:\/\/www.haus-donauschwaben.de\/wordpress\/wp-content\/uploads\/bibliothek\/Bibliothek-1-300x200.jpg 300w, https:\/\/www.haus-donauschwaben.de\/wordpress\/wp-content\/uploads\/bibliothek\/Bibliothek-1-1024x682.jpg 1024w, https:\/\/www.haus-donauschwaben.de\/wordpress\/wp-content\/uploads\/bibliothek\/Bibliothek-1-768x512.jpg 768w, https:\/\/www.haus-donauschwaben.de\/wordpress\/wp-content\/uploads\/bibliothek\/Bibliothek-1-360x240.jpg 360w, https:\/\/www.haus-donauschwaben.de\/wordpress\/wp-content\/uploads\/bibliothek\/Bibliothek-1.jpg 1280w\" sizes=\"(max-width: 300px) 100vw, 300px\" \/><\/a><br \/>\n<\/strong>Spezialisierte Sammlung \u00fcber Literatur von und \u00fcber Donauschwaben in aller Welt<\/p>\n<p><strong>Pr\u00e4senzbibliothek<br \/>\n<\/strong>Eine Nutzung ist nur vor Ort m\u00f6glich. Es werden keine B\u00fccher und Medien ausgeliehen<\/p>\n<p><strong>Freihandbibliothek<\/strong><br \/>\nmit Lesepl\u00e4tzen und einem Bildschirm-Arbeitsplatz<\/p>\n<p><strong>Magazinbest\u00e4nde<\/strong><\/p>\n<p>Unsere Sammelschwerpunkte mit einem Bestand von ca. 30.000 Exemplaren sind:<\/p>\n<ul>\n<li>Nachschlagewerke, Bibliographien<\/li>\n<li>Jahrb\u00fccher, Kalender, Festschriften<a href=\"https:\/\/www.haus-donauschwaben.de\/wordpress\/wp-content\/uploads\/bibliothek\/Bibliothek-2.jpg\" target=\"_blank\" rel=\"noopener\"><img loading=\"lazy\" decoding=\"async\" class=\"alignright wp-image-2379 size-medium\" src=\"https:\/\/www.haus-donauschwaben.de\/wordpress\/wp-content\/uploads\/bibliothek\/Bibliothek-2-300x200.jpg\" alt=\"\" width=\"300\" height=\"200\" srcset=\"https:\/\/www.haus-donauschwaben.de\/wordpress\/wp-content\/uploads\/bibliothek\/Bibliothek-2-300x200.jpg 300w, https:\/\/www.haus-donauschwaben.de\/wordpress\/wp-content\/uploads\/bibliothek\/Bibliothek-2-1024x682.jpg 1024w, https:\/\/www.haus-donauschwaben.de\/wordpress\/wp-content\/uploads\/bibliothek\/Bibliothek-2-768x512.jpg 768w, https:\/\/www.haus-donauschwaben.de\/wordpress\/wp-content\/uploads\/bibliothek\/Bibliothek-2-360x240.jpg 360w, https:\/\/www.haus-donauschwaben.de\/wordpress\/wp-content\/uploads\/bibliothek\/Bibliothek-2.jpg 1280w\" sizes=\"(max-width: 300px) 100vw, 300px\" \/><\/a><\/li>\n<li>Heimatbl\u00e4tter, Zeitungen, Zeitschriften<\/li>\n<li>Landeskunde und Geschichte S\u00fcdosteuropas<\/li>\n<li>Auslandsdeutschtum<\/li>\n<li>Ortsgeschichtliche Literatur (Heimatb\u00fccher)<\/li>\n<li>Familiengeschichtliche Literatur<\/li>\n<li>Auswanderung, Ansiedlung<\/li>\n<li>Deportation, Vernichtungslager, Flucht und Vertreibung<\/li>\n<li>Eingliederung, Aussiedler<\/li>\n<li>Biographien, Autobiographien, Erlebnisberichte<\/li>\n<li>Romane, Erz\u00e4hlungen, Gedichte, Mundartliteratur<\/li>\n<li>Kinder- und Jugendb\u00fccher<\/li>\n<li>Literaturgeschichte, Sprachwissenschaft<\/li>\n<li>Kunst, Musik, Volkskunde<\/li>\n<li>Kirche, Schule<\/li>\n<li>Wirtschaft, Landwirtschaft<a href=\"https:\/\/www.haus-donauschwaben.de\/wordpress\/wp-content\/uploads\/bibliothek\/Bibliothek-3.jpg\" target=\"_blank\" rel=\"noopener\"><img loading=\"lazy\" decoding=\"async\" class=\"alignright wp-image-2380 size-medium\" src=\"https:\/\/www.haus-donauschwaben.de\/wordpress\/wp-content\/uploads\/bibliothek\/Bibliothek-3-300x200.jpg\" alt=\"\" width=\"300\" height=\"200\" srcset=\"https:\/\/www.haus-donauschwaben.de\/wordpress\/wp-content\/uploads\/bibliothek\/Bibliothek-3-300x200.jpg 300w, https:\/\/www.haus-donauschwaben.de\/wordpress\/wp-content\/uploads\/bibliothek\/Bibliothek-3-1024x682.jpg 1024w, https:\/\/www.haus-donauschwaben.de\/wordpress\/wp-content\/uploads\/bibliothek\/Bibliothek-3-768x512.jpg 768w, https:\/\/www.haus-donauschwaben.de\/wordpress\/wp-content\/uploads\/bibliothek\/Bibliothek-3-360x240.jpg 360w, https:\/\/www.haus-donauschwaben.de\/wordpress\/wp-content\/uploads\/bibliothek\/Bibliothek-3.jpg 1280w\" sizes=\"(max-width: 300px) 100vw, 300px\" \/><\/a><\/li>\n<\/ul>\n<p><strong>Ansprechpartnerin:<\/strong><br \/>\nSylvia Herrmann<br \/>\nTelefon:\u00a0\u00a0 07031-79376-35<br \/>\nE-Mail: \u00a0\u00a0 <a href=\"&#109;&#x61;&#105;&#x6c;&#116;&#x6f;&#58;&#x62;&#105;&#x62;&#108;&#x69;&#111;&#x74;&#104;&#x65;&#107;&#x40;&#104;&#x61;&#117;&#x73;&#45;&#x64;&#111;&#x6e;a&#x75;s&#x63;h&#x77;a&#x62;e&#x6e;&#46;&#x64;e\">&#x62;&#105;&#98;l&#x69;&#x6f;&#116;h&#x65;&#x6b;&#64;h&#x61;&#x75;&#115;-&#x64;&#x6f;&#110;a&#x75;&#x73;&#99;h&#x77;&#x61;&#98;&#101;n&#x2e;&#x64;&#101;<\/a><\/p>\n<p><strong>Besuchszeiten (nur nach Vereinbarung):<\/strong><br \/>\nMontag 10 bis 16 Uhr<br \/>\nMittwoch und Freitag 10 bis 12 Uhr<\/p>\n","protected":false},"excerpt":{"rendered":"<p>Spezialbibliothek Spezialisierte Sammlung \u00fcber Literatur von und \u00fcber Donauschwaben in aller Welt Pr\u00e4senzbibliothek Eine Nutzung ist nur vor Ort m\u00f6glich. Es werden keine B\u00fccher und Medien ausgeliehen Freihandbibliothek mit Lesepl\u00e4tzen und einem Bildschirm-Arbeitsplatz Magazinbest\u00e4nde Unsere Sammelschwerpunkte mit einem Bestand von<\/p>\n","protected":false},"author":3,"featured_media":0,"parent":0,"menu_order":50,"comment_status":"closed","ping_status":"closed","template":"","meta":{"footnotes":""},"_links":{"self":[{"href":"https:\/\/www.haus-donauschwaben.de\/wordpress\/wp-json\/wp\/v2\/pages\/14"}],"collection":[{"href":"https:\/\/www.haus-donauschwaben.de\/wordpress\/wp-json\/wp\/v2\/pages"}],"about":[{"href":"https:\/\/www.haus-donauschwaben.de\/wordpress\/wp-json\/wp\/v2\/types\/page"}],"author":[{"embeddable":true,"href":"https:\/\/www.haus-donauschwaben.de\/wordpress\/wp-json\/wp\/v2\/users\/3"}],"replies":[{"embeddable":true,"href":"https:\/\/www.haus-donauschwaben.de\/wordpress\/wp-json\/wp\/v2\/comments?post=14"}],"version-history":[{"count":3,"href":"https:\/\/www.haus-donauschwaben.de\/wordpress\/wp-json\/wp\/v2\/pages\/14\/revisions"}],"predecessor-version":[{"id":3484,"href":"https:\/\/www.haus-donauschwaben.de\/wordpress\/wp-json\/wp\/v2\/pages\/14\/revisions\/3484"}],"wp:attachment":[{"href":"https:\/\/www.haus-donauschwaben.de\/wordpress\/wp-json\/wp\/v2\/media?parent=14"}],"curies":[{"name":"wp","href":"https:\/\/api.w.org\/{rel}","templated":true}]}}