{"id":15,"date":"2007-07-22T20:56:26","date_gmt":"2007-07-22T19:56:26","guid":{"rendered":"http:\/\/www.haus-donauschwaben.de\/wordpress\/?page_id=15"},"modified":"2020-03-21T18:10:30","modified_gmt":"2020-03-21T17:10:30","slug":"aufgaben","status":"publish","type":"page","link":"https:\/\/www.haus-donauschwaben.de\/wordpress\/aufgaben\/","title":{"rendered":"Aufgaben"},"content":{"rendered":"<p>Im Laufe der Jahre haben sich folgende Aufgaben des Vereins &#8222;Haus der Donauschwaben e. V.&#8220; herauskristallisiert:<\/p>\n<p>&nbsp;<\/p>\n<h3><span style=\"color: #008000;\"><strong>Das Haus der Donauschwaben &#8230; als Kulturzentrum<\/strong><\/span><\/h3>\n<p>Es werden regelm\u00e4\u00dfig Veranstaltungen organisiert, z. B.<\/p>\n<ul>\n<li>\n<p class=\"x_MsoListParagraph\">Ausstellungen<\/p>\n<\/li>\n<li>\n<p class=\"x_MsoListParagraph\">Tagungen<\/p>\n<\/li>\n<li>\n<p class=\"x_MsoListParagraph\">Lesungen<\/p>\n<\/li>\n<li>\n<p class=\"x_MsoListParagraph\">Vortr\u00e4ge<\/p>\n<\/li>\n<li>\n<p class=\"x_MsoListParagraph\">Podiumsdiskussionen<\/p>\n<\/li>\n<li>\n<p class=\"x_MsoListParagraph\">Verleihung des Donauschw\u00e4bischen Kulturpreises des Landes Baden-W\u00fcrttemberg<\/p>\n<\/li>\n<li>\n<p class=\"x_MsoListParagraph\">Klassische Konzerte<\/p>\n<\/li>\n<li>\n<p class=\"x_MsoListParagraph\"><b><\/b>Operetten-Nachmittage<\/p>\n<\/li>\n<li>\n<p class=\"x_MsoListParagraph\">Film- und Diaabende<\/p>\n<\/li>\n<li>\n<p class=\"x_MsoListParagraph\">Theaterauff\u00fchrungen<\/p>\n<\/li>\n<li>\n<p class=\"x_MsoListParagraph\">Auftritte donauschw\u00e4bischer Tanz-, Musik- und Jugendgruppen aus dem In- und Ausland<\/p>\n<\/li>\n<\/ul>\n<p><a href=\"https:\/\/www.haus-donauschwaben.de\/wordpress\/wp-content\/uploads\/2015\/11\/20151103_dskp15_1332.jpg\"><img loading=\"lazy\" decoding=\"async\" class=\"size-thumbnail wp-image-1115 alignleft\" src=\"https:\/\/www.haus-donauschwaben.de\/wordpress\/wp-content\/uploads\/2015\/11\/20151103_dskp15_1332-150x150.jpg\" alt=\"\" width=\"150\" height=\"150\"><\/a><a href=\"https:\/\/www.haus-donauschwaben.de\/wordpress\/wp-content\/uploads\/2015\/12\/Henny-Sylvia.jpg\"><img loading=\"lazy\" decoding=\"async\" class=\"size-thumbnail wp-image-1184 alignleft\" src=\"https:\/\/www.haus-donauschwaben.de\/wordpress\/wp-content\/uploads\/2015\/12\/Henny-Sylvia-150x150.jpg\" alt=\"\" width=\"150\" height=\"150\"><\/a><a href=\"https:\/\/www.haus-donauschwaben.de\/wordpress\/wp-content\/uploads\/2016\/04\/DSC03631.jpg\"><img loading=\"lazy\" decoding=\"async\" class=\"wp-image-1291 size-thumbnail alignleft\" src=\"https:\/\/www.haus-donauschwaben.de\/wordpress\/wp-content\/uploads\/2016\/04\/DSC03631-150x150.jpg\" alt=\"\" width=\"150\" height=\"150\"><\/a><\/p>\n<p>&nbsp;<\/p>\n<p>&nbsp;<\/p>\n<p>&nbsp;<\/p>\n<p>&nbsp;<\/p>\n<p>&nbsp;<\/p>\n<p><a href=\"https:\/\/www.haus-donauschwaben.de\/wordpress\/wp-content\/uploads\/2016\/04\/DSC03632.jpg\"><img loading=\"lazy\" decoding=\"async\" class=\"wp-image-1292 size-thumbnail alignleft\" src=\"https:\/\/www.haus-donauschwaben.de\/wordpress\/wp-content\/uploads\/2016\/04\/DSC03632-150x150.jpg\" alt=\"\" width=\"150\" height=\"150\"><\/a><img loading=\"lazy\" decoding=\"async\" class=\"size-thumbnail wp-image-1394 alignleft\" src=\"https:\/\/www.haus-donauschwaben.de\/wordpress\/wp-content\/uploads\/2016\/11\/rehberg-150x150.jpg\" alt=\"\" width=\"150\" height=\"150\"><a href=\"https:\/\/www.haus-donauschwaben.de\/wordpress\/wp-content\/uploads\/2014\/07\/Jugendtanzgruppe-Siwatz1.jpg\"><img loading=\"lazy\" decoding=\"async\" class=\"size-thumbnail wp-image-846 alignleft\" src=\"https:\/\/www.haus-donauschwaben.de\/wordpress\/wp-content\/uploads\/2014\/07\/Jugendtanzgruppe-Siwatz1-150x150.jpg\" alt=\"\" width=\"150\" height=\"150\"><\/a><\/p>\n<p>&nbsp;<\/p>\n<p>&nbsp;<\/p>\n<p>&nbsp;<\/p>\n<p>&nbsp;<\/p>\n<p>&nbsp;<\/p>\n<h3><strong><span style=\"color: #008000;\">Das Haus der Donauschwaben &#8230; als Ort der Dokumentation und Forschung<\/span><br \/>\n<\/strong><\/h3>\n<p><em>\u27a1 <span style=\"color: #339966;\"><a style=\"color: #339966;\" href=\"https:\/\/www.haus-donauschwaben.de\/wordpress\/?page_id=14\" target=\"_blank\" rel=\"noopener noreferrer\"><strong>Donauschw\u00e4bische Spezialbibliothek<\/strong><\/a><\/span><br \/>\n<\/em>Die Donauschw\u00e4bische Bibliothek sammelt alle Publikationen \u00fcber die Donauschwaben und deren ehemalige sowie jetzige Siedlungsgebiete. Sie verzeichnet einen Medienbestand von ca. 30.000 Exemplaren und wird von einer hauptamtlichen Bibliothekarin betreut. In der Zeitschriftenabteilung der Bibliothek werden 85 rein donauschw\u00e4bische Zeitungen und Zeitschriften sowie 20 wissenschaftliche Periodika, die sich mit donauschw\u00e4bischen Themen befassen, gesammelt.<\/p>\n<p>Die Film-, DVD-, Video- und CD-Sammlung wird laufend erweitert.<\/p>\n<p>Zum Benutzerkreis geh\u00f6ren Forscher, Wissenschaftler und Studenten aus der ganzen Welt. Hier k\u00f6nnen die Geschichte und Kultur der Donauschwaben wissenschaftlich aufgearbeitet werden.<br \/>\nEine Reihe von Dissertationen und Diplomarbeiten zeugt von der regen Nutzung unserer Bibliothek und auch Sch\u00fcler konnten ihre Arbeiten erfolgreich durchf\u00fchren.<\/p>\n<p><strong><em>\u27a1 <a href=\"https:\/\/www.akdff.de\/wp\/bibliothek\/\" target=\"_blank\" rel=\"noopener noreferrer\"><span style=\"color: #339966;\">Genealogische Fachbibliothek des AKdFF e. V.<\/span><\/a><\/em><\/strong><br \/>\nGenealogen und Familienforscher haben hier die M\u00f6glichkeit, nach der Herkunft ihrer Vorfahren zu suchen. Sammlungsschwerpunkt der genealogischen Fachbibliothek sind Familien- und Ortssippenb\u00fccher, Kirchenmatrikel mit Registern von Taufen, Heiraten und Sterbef\u00e4llen in Form von Papierkopien, Mikrofilmen oder in digitaler Version auf dem vereinseigenen Server. Der umfangreiche Bestand dieser Matrikel von Gemeinden des donauschw\u00e4bischen Siedlungsgebietes ist einzigartig. Zum Benutzerkreis z\u00e4hlen Interessenten aus der ganzen Welt.<\/p>\n","protected":false},"excerpt":{"rendered":"<p>Im Laufe der Jahre haben sich folgende Aufgaben des Vereins &#8222;Haus der Donauschwaben e. V.&#8220; herauskristallisiert: &nbsp; Das Haus der Donauschwaben &#8230; als Kulturzentrum Es werden regelm\u00e4\u00dfig Veranstaltungen organisiert, z. B. Ausstellungen Tagungen Lesungen Vortr\u00e4ge Podiumsdiskussionen Verleihung des Donauschw\u00e4bischen Kulturpreises<\/p>\n","protected":false},"author":3,"featured_media":0,"parent":0,"menu_order":10,"comment_status":"closed","ping_status":"closed","template":"","meta":{"footnotes":""},"_links":{"self":[{"href":"https:\/\/www.haus-donauschwaben.de\/wordpress\/wp-json\/wp\/v2\/pages\/15"}],"collection":[{"href":"https:\/\/www.haus-donauschwaben.de\/wordpress\/wp-json\/wp\/v2\/pages"}],"about":[{"href":"https:\/\/www.haus-donauschwaben.de\/wordpress\/wp-json\/wp\/v2\/types\/page"}],"author":[{"embeddable":true,"href":"https:\/\/www.haus-donauschwaben.de\/wordpress\/wp-json\/wp\/v2\/users\/3"}],"replies":[{"embeddable":true,"href":"https:\/\/www.haus-donauschwaben.de\/wordpress\/wp-json\/wp\/v2\/comments?post=15"}],"version-history":[{"count":0,"href":"https:\/\/www.haus-donauschwaben.de\/wordpress\/wp-json\/wp\/v2\/pages\/15\/revisions"}],"wp:attachment":[{"href":"https:\/\/www.haus-donauschwaben.de\/wordpress\/wp-json\/wp\/v2\/media?parent=15"}],"curies":[{"name":"wp","href":"https:\/\/api.w.org\/{rel}","templated":true}]}}