{"id":17,"date":"2007-07-22T20:58:19","date_gmt":"2007-07-22T19:58:19","guid":{"rendered":"http:\/\/www.haus-donauschwaben.de\/wordpress\/?page_id=17"},"modified":"2025-06-30T10:02:15","modified_gmt":"2025-06-30T08:02:15","slug":"landsmannschaft","status":"publish","type":"page","link":"https:\/\/www.haus-donauschwaben.de\/wordpress\/organisationen\/landsmannschaft\/","title":{"rendered":"Landsmannschaft der Donauschwaben"},"content":{"rendered":"<p>Die <b>Landsmannschaft der Donauschwaben, Bundesverband e.\u00a0V.<\/b> ist Mitglied im Bund der Vertriebenen (BdV) und vertritt die Interessen der Donauschwaben in Deutschland. Sein Hauptsitz ist im Haus der Donauschwaben in Sindelfingen.<\/p>\n<p>Die Mitglieder sind<\/p>\n<ul style=\"list-style-type: disc;\">\n<li>die donauschw\u00e4bischen Landesverb\u00e4nde<\/li>\n<li>die donauschw\u00e4bischen Kreisverb\u00e4nde<\/li>\n<li>die donauschw\u00e4bischen Ortsverb\u00e4nde<\/li>\n<li>die donauschw\u00e4bischen Heimatortsgemeinschaften (HOGen) und<\/li>\n<li>die donauschw\u00e4bischen kulturellen Gruppen (Tanz- und Trachtengruppen, Musikkapellen, Musikensembles, Ch\u00f6re und Gesanggruppen)<\/li>\n<\/ul>\n<p>Bundesvorsitzender:\u00a0 <strong>J\u00fcrgen Harich<\/strong><\/p>\n<p><strong>Kontaktdaten:<\/strong><br \/>\nLandsmannschaft der Donauschwaben<br \/>\nBundesverband e. V. im Haus der Donauschwaben<br \/>\nGoldm\u00fchlestra\u00dfe 30<br \/>\n71065 Sindelfingen<\/p>\n<p>Telefon:\u00a0 \u00a0 07031-79376-30<br \/>\nTelefax:\u00a0 \u00a0 07031-79376-40<\/p>\n<p>E-Mail: \u00a0 \u00a0 <a href=\"m&#97;&#105;&#x6c;&#x74;o:&#106;&#117;&#x65;&#x72;ge&#110;&#46;&#x68;&#x61;ri&#99;&#x68;&#x40;&#x62;u&#110;&#100;&#x65;&#x73;&#x76;e&#114;&#98;&#x61;&#x6e;&#x64;-&#100;&#111;&#x6e;&#x61;&#x75;s&#99;&#104;&#x77;&#x61;&#x62;e&#110;&#46;&#x64;&#x65;\" target=\"_blank\" rel=\"noopener\"><span style=\"color: #0000ff;\">&#x6a;&#x75;&#101;rg&#x65;&#x6e;&#46;&#104;a&#x72;&#x69;&#99;&#104;&#64;&#x62;&#x75;&#x6e;&#100;es&#x76;&#x65;&#114;&#98;a&#x6e;&#x64;&#45;&#100;o&#x6e;&#x61;&#117;&#115;c&#x68;&#x77;&#x61;&#98;en&#x2e;&#x64;&#101;<\/span><\/a><\/p>\n<p>Website: bundesverband-donauschwaben.de<\/p>\n","protected":false},"excerpt":{"rendered":"<p>Die Landsmannschaft der Donauschwaben, Bundesverband e.\u00a0V. ist Mitglied im Bund der Vertriebenen (BdV) und vertritt die Interessen der Donauschwaben in Deutschland. Sein Hauptsitz ist im Haus der Donauschwaben in Sindelfingen. Die Mitglieder sind die donauschw\u00e4bischen Landesverb\u00e4nde die donauschw\u00e4bischen Kreisverb\u00e4nde die<\/p>\n","protected":false},"author":3,"featured_media":0,"parent":448,"menu_order":63,"comment_status":"closed","ping_status":"closed","template":"","meta":{"footnotes":""},"_links":{"self":[{"href":"https:\/\/www.haus-donauschwaben.de\/wordpress\/wp-json\/wp\/v2\/pages\/17"}],"collection":[{"href":"https:\/\/www.haus-donauschwaben.de\/wordpress\/wp-json\/wp\/v2\/pages"}],"about":[{"href":"https:\/\/www.haus-donauschwaben.de\/wordpress\/wp-json\/wp\/v2\/types\/page"}],"author":[{"embeddable":true,"href":"https:\/\/www.haus-donauschwaben.de\/wordpress\/wp-json\/wp\/v2\/users\/3"}],"replies":[{"embeddable":true,"href":"https:\/\/www.haus-donauschwaben.de\/wordpress\/wp-json\/wp\/v2\/comments?post=17"}],"version-history":[{"count":11,"href":"https:\/\/www.haus-donauschwaben.de\/wordpress\/wp-json\/wp\/v2\/pages\/17\/revisions"}],"predecessor-version":[{"id":3508,"href":"https:\/\/www.haus-donauschwaben.de\/wordpress\/wp-json\/wp\/v2\/pages\/17\/revisions\/3508"}],"up":[{"embeddable":true,"href":"https:\/\/www.haus-donauschwaben.de\/wordpress\/wp-json\/wp\/v2\/pages\/448"}],"wp:attachment":[{"href":"https:\/\/www.haus-donauschwaben.de\/wordpress\/wp-json\/wp\/v2\/media?parent=17"}],"curies":[{"name":"wp","href":"https:\/\/api.w.org\/{rel}","templated":true}]}}