{"id":20,"date":"2007-07-23T13:17:46","date_gmt":"2007-07-23T12:17:46","guid":{"rendered":"http:\/\/www.haus-donauschwaben.de\/wordpress\/?page_id=20"},"modified":"2021-01-08T18:40:03","modified_gmt":"2021-01-08T17:40:03","slug":"home","status":"publish","type":"page","link":"https:\/\/www.haus-donauschwaben.de\/wordpress\/home\/","title":{"rendered":"\u00dcber uns"},"content":{"rendered":"<div id=\"metaslider-id-1565\" style=\"max-width: 565px;\" class=\"ml-slider-3-90-0 metaslider metaslider-flex metaslider-1565 ml-slider ms-theme-default\" role=\"region\" aria-roledescription=\"Slideshow\" aria-label=\"Homepage Slider\">\n    <div id=\"metaslider_container_1565\">\n        <div id=\"metaslider_1565\">\n            <ul class='slides'>\n                <li style=\"display: block; width: 100%;\" class=\"slide-1566 ms-image \" aria-roledescription=\"slide\" aria-label=\"slide-1566\"><img loading=\"lazy\" decoding=\"async\" src=\"https:\/\/www.haus-donauschwaben.de\/wordpress\/wp-content\/uploads\/2007\/07\/fenster01-565x290.jpg\" height=\"290\" width=\"565\" alt=\"\" class=\"slider-1565 slide-1566\" \/><\/li>\n                <li style=\"display: none; width: 100%;\" class=\"slide-1568 ms-image \" aria-roledescription=\"slide\" aria-label=\"slide-1568\"><img loading=\"lazy\" decoding=\"async\" src=\"https:\/\/www.haus-donauschwaben.de\/wordpress\/wp-content\/uploads\/2007\/07\/parade01-565x290.jpg\" height=\"290\" width=\"565\" alt=\"\" class=\"slider-1565 slide-1568\" \/><\/li>\n                <li style=\"display: none; width: 100%;\" class=\"slide-1569 ms-image \" aria-roledescription=\"slide\" aria-label=\"slide-1569\"><img loading=\"lazy\" decoding=\"async\" src=\"https:\/\/www.haus-donauschwaben.de\/wordpress\/wp-content\/uploads\/2007\/07\/bib03-565x290.jpg\" height=\"290\" width=\"565\" alt=\"\" class=\"slider-1565 slide-1569\" \/><\/li>\n            <\/ul>\n        <\/div>\n        \n    <\/div>\n<\/div>\n<p>Das Haus der Donauschwaben in Sindelfingen ist das geistige, kulturelle und emotionale Zentrum der weltweit verstreut lebenden Donauschwaben.<\/p>\n<p>In den mittlerweile f\u00fcnf Jahrzehnten seines Bestehens ist es zum Kristallisationspunkt des donauschw\u00e4bischen Kultur- und Gemeinschaftslebens geworden und ist als Weltheimathaus im Bewusstsein der internationalen \u00d6ffentlichkeit fest verankert.<\/p>\n<p>Seit 1970 bestehen von hier aus gute Kontakte zu den Landsleuten in Europa, in den USA, in Kanada, Argentinien, Brasilien, S\u00fcdafrika und Australien.<\/p>\n<p>Das Haus der Donauschwaben beherbergt folgende donauschw\u00e4bische Organisationen und Institutionen:<\/p>\n<ul>\n<li>Verein \u201eHaus der Donauschwaben e. V.\u201c mit seinen Forschungsm\u00f6glichkeiten<br \/>\n(Bibliothek, Archiv, Arbeitskreis donauschw\u00e4bischer Familienforscher e. V.)<\/li>\n<li>Vertriebsstelle der Donauschw\u00e4bischen Kulturstiftung, Stiftung Privaten Rechts, M\u00fcnchen<\/li>\n<li>Landsmannschaft der Donauschwaben<\/li>\n<li>Weltdachverband der Donauschwaben<\/li>\n<\/ul>\n","protected":false},"excerpt":{"rendered":"<p>Das Haus der Donauschwaben in Sindelfingen ist das geistige, kulturelle und emotionale Zentrum der weltweit verstreut lebenden Donauschwaben. In den mittlerweile f\u00fcnf Jahrzehnten seines Bestehens ist es zum Kristallisationspunkt des donauschw\u00e4bischen Kultur- und Gemeinschaftslebens geworden und ist als Weltheimathaus im<\/p>\n","protected":false},"author":3,"featured_media":0,"parent":0,"menu_order":0,"comment_status":"closed","ping_status":"closed","template":"","meta":{"footnotes":""},"_links":{"self":[{"href":"https:\/\/www.haus-donauschwaben.de\/wordpress\/wp-json\/wp\/v2\/pages\/20"}],"collection":[{"href":"https:\/\/www.haus-donauschwaben.de\/wordpress\/wp-json\/wp\/v2\/pages"}],"about":[{"href":"https:\/\/www.haus-donauschwaben.de\/wordpress\/wp-json\/wp\/v2\/types\/page"}],"author":[{"embeddable":true,"href":"https:\/\/www.haus-donauschwaben.de\/wordpress\/wp-json\/wp\/v2\/users\/3"}],"replies":[{"embeddable":true,"href":"https:\/\/www.haus-donauschwaben.de\/wordpress\/wp-json\/wp\/v2\/comments?post=20"}],"version-history":[{"count":1,"href":"https:\/\/www.haus-donauschwaben.de\/wordpress\/wp-json\/wp\/v2\/pages\/20\/revisions"}],"predecessor-version":[{"id":3412,"href":"https:\/\/www.haus-donauschwaben.de\/wordpress\/wp-json\/wp\/v2\/pages\/20\/revisions\/3412"}],"wp:attachment":[{"href":"https:\/\/www.haus-donauschwaben.de\/wordpress\/wp-json\/wp\/v2\/media?parent=20"}],"curies":[{"name":"wp","href":"https:\/\/api.w.org\/{rel}","templated":true}]}}