{"id":768,"date":"2014-06-29T13:46:19","date_gmt":"2014-06-29T11:46:19","guid":{"rendered":"http:\/\/www.haus-donauschwaben.de\/wordpress\/?page_id=768"},"modified":"2025-06-10T10:09:05","modified_gmt":"2025-06-10T08:09:05","slug":"oeffnungszeiten","status":"publish","type":"page","link":"https:\/\/www.haus-donauschwaben.de\/wordpress\/oeffnungszeiten\/","title":{"rendered":"\u00d6ffnungszeiten"},"content":{"rendered":"<p><strong>Haus der Donauschwaben:<\/strong><\/p>\n<p>Montag bis Freitag \u00a0\u00a0\u00a0\u00a0\u00a0\u00a0\u00a0\u00a0\u00a0\u00a0\u00a0 9 &#8211; 12 Uhr<del><br \/>\n<\/del><\/p>\n<p>Wir empfehlen Ihnen, sich vor Ihrem Besuch zu melden.<\/p>\n<p>Gef\u00fchrte Besichtigungen durch das Haus sind nur nach vorheriger Vereinbarung m\u00f6glich.<\/p>\n<p><span style=\"color: #ff0000;\"><em><strong>Bis auf weiteres ist die Gesch\u00e4ftsf\u00fchrung von Montag bis Freitag <span style=\"text-decoration: underline;\">vormittags<\/span> erreichbar!<\/strong><\/em><\/span><\/p>\n<p><strong>Donauschw\u00e4bische Spezialbibliothek und Archiv:<br \/>\n<\/strong><\/p>\n<p>Besuchstermine nur nach Vereinbarung<\/p>\n<p><strong>Arbeitskreis donauschw\u00e4bischer Familienforscher e. V. (AKdFF):\u00a0\u00a0<\/strong><\/p>\n<p>Donnerstag und Freitag\u00a0\u00a0\u00a0\u00a0\u00a0 10 &#8211; 16 Uhr<br \/>\nUm eine rechtzeitige Anmeldung wird gebeten unter 07031-79376-37<br \/>\nDie Gesch\u00e4ftsstelle ist au\u00dferhalb der \u00d6ffnungszeiten nicht besetzt<\/p>\n<p><span style=\"color: #ff0000;\">\u27a1 Bitte beachten Sie kurzfristig ge\u00e4nderte \u00d6ffnungszeiten oder au\u00dferplanm\u00e4\u00dfige Schlie\u00dfungen, die auf unseren Anrufbeantwortern angesagt werden!<\/span><\/p>\n<p><strong>Wir vermieten unsere R\u00e4umlichkeiten!<\/strong><\/p>\n<p>Das Haus der Donauschwaben vermietet seine R\u00e4umlichkeiten.<\/p>\n<p>Wenn Sie einen Ort f\u00fcr Ihre eigene Veranstaltung ben\u00f6tigen: eine Konferenz, eine kulturelle Veranstaltung oder eine kleinere Feier, k\u00f6nnen unsere R\u00e4ume perfekt geeignet sein. Es stehen mehrere R\u00e4ume f\u00fcr 20 bis 120 Personen zur Verf\u00fcgung. Die Verpflegung wird \u00fcber das Haus der Donauschwaben organisiert, das Mitbringen von eigenen Speisen und Getr\u00e4nken ist nicht gestattet.<\/p>\n<p>F\u00fcr weitere Informationen kontaktieren Sie uns bitte.<\/p>\n","protected":false},"excerpt":{"rendered":"<p>Haus der Donauschwaben: Montag bis Freitag \u00a0\u00a0\u00a0\u00a0\u00a0\u00a0\u00a0\u00a0\u00a0\u00a0\u00a0 9 &#8211; 12 Uhr Wir empfehlen Ihnen, sich vor Ihrem Besuch zu melden. Gef\u00fchrte Besichtigungen durch das Haus sind nur nach vorheriger Vereinbarung m\u00f6glich. Bis auf weiteres ist die Gesch\u00e4ftsf\u00fchrung von Montag bis<\/p>\n","protected":false},"author":1,"featured_media":0,"parent":0,"menu_order":12,"comment_status":"closed","ping_status":"closed","template":"","meta":{"footnotes":""},"_links":{"self":[{"href":"https:\/\/www.haus-donauschwaben.de\/wordpress\/wp-json\/wp\/v2\/pages\/768"}],"collection":[{"href":"https:\/\/www.haus-donauschwaben.de\/wordpress\/wp-json\/wp\/v2\/pages"}],"about":[{"href":"https:\/\/www.haus-donauschwaben.de\/wordpress\/wp-json\/wp\/v2\/types\/page"}],"author":[{"embeddable":true,"href":"https:\/\/www.haus-donauschwaben.de\/wordpress\/wp-json\/wp\/v2\/users\/1"}],"replies":[{"embeddable":true,"href":"https:\/\/www.haus-donauschwaben.de\/wordpress\/wp-json\/wp\/v2\/comments?post=768"}],"version-history":[{"count":2,"href":"https:\/\/www.haus-donauschwaben.de\/wordpress\/wp-json\/wp\/v2\/pages\/768\/revisions"}],"predecessor-version":[{"id":3497,"href":"https:\/\/www.haus-donauschwaben.de\/wordpress\/wp-json\/wp\/v2\/pages\/768\/revisions\/3497"}],"wp:attachment":[{"href":"https:\/\/www.haus-donauschwaben.de\/wordpress\/wp-json\/wp\/v2\/media?parent=768"}],"curies":[{"name":"wp","href":"https:\/\/api.w.org\/{rel}","templated":true}]}}